{"id":187,"date":"2014-10-03T18:57:09","date_gmt":"2014-10-03T18:57:09","guid":{"rendered":"http:\/\/rasilamminjahtimiehet.com\/wordpress\/?page_id=187"},"modified":"2025-08-13T18:40:48","modified_gmt":"2025-08-13T18:40:48","slug":"hirvenmetsastajat","status":"publish","type":"page","link":"https:\/\/rasilamminjahtimiehet.com\/wordpress\/?page_id=187","title":{"rendered":"Hirvenmets\u00e4st\u00e4j\u00e4t 2025"},"content":{"rendered":"\n<p>Hirviporukka kokoontuivat yleisen kokouksen j\u00e4lkeen sunnuntaina 27.7.2025.<br><br>Hirvijahti aloitetaan 11.10.2025 klo 7:00.<\/p>\n","protected":false},"excerpt":{"rendered":"<p>Hirviporukka kokoontuivat yleisen kokouksen j\u00e4lkeen sunnuntaina 27.7.2025. Hirvijahti aloitetaan 11.10.2025 klo 7:00.<\/p>\n","protected":false},"author":5,"featured_media":0,"parent":0,"menu_order":5,"comment_status":"open","ping_status":"closed","template":"","meta":{"footnotes":""},"class_list":["post-187","page","type-page","status-publish","hentry"],"_links":{"self":[{"href":"https:\/\/rasilamminjahtimiehet.com\/wordpress\/index.php?rest_route=\/wp\/v2\/pages\/187","targetHints":{"allow":["GET"]}}],"collection":[{"href":"https:\/\/rasilamminjahtimiehet.com\/wordpress\/index.php?rest_route=\/wp\/v2\/pages"}],"about":[{"href":"https:\/\/rasilamminjahtimiehet.com\/wordpress\/index.php?rest_route=\/wp\/v2\/types\/page"}],"author":[{"embeddable":true,"href":"https:\/\/rasilamminjahtimiehet.com\/wordpress\/index.php?rest_route=\/wp\/v2\/users\/5"}],"replies":[{"embeddable":true,"href":"https:\/\/rasilamminjahtimiehet.com\/wordpress\/index.php?rest_route=%2Fwp%2Fv2%2Fcomments&post=187"}],"version-history":[{"count":21,"href":"https:\/\/rasilamminjahtimiehet.com\/wordpress\/index.php?rest_route=\/wp\/v2\/pages\/187\/revisions"}],"predecessor-version":[{"id":606,"href":"https:\/\/rasilamminjahtimiehet.com\/wordpress\/index.php?rest_route=\/wp\/v2\/pages\/187\/revisions\/606"}],"wp:attachment":[{"href":"https:\/\/rasilamminjahtimiehet.com\/wordpress\/index.php?rest_route=%2Fwp%2Fv2%2Fmedia&parent=187"}],"curies":[{"name":"wp","href":"https:\/\/api.w.org\/{rel}","templated":true}]}}