{"id":226,"date":"2015-05-12T17:28:28","date_gmt":"2015-05-12T17:28:28","guid":{"rendered":"http:\/\/rasilamminjahtimiehet.com\/wordpress\/?page_id=226"},"modified":"2025-08-13T18:44:19","modified_gmt":"2025-08-13T18:44:19","slug":"ampumarata-harjoitteluvuorot-kesa-2015","status":"publish","type":"page","link":"https:\/\/rasilamminjahtimiehet.com\/wordpress\/?page_id=226","title":{"rendered":"Ampumarata harjoitteluvuorot kes\u00e4 2025"},"content":{"rendered":"\n<p>Perjantai 5.9.2025 klo 17:00 haulikko ja kiv\u00e4\u00e4ri<\/p>\n\n\n\n<p>Lauantai 6.9.2025 klo 12:00 Kaavin RHY mestaruuskilpailut: mets\u00e4styshaulikko ja mets\u00e4styshirvi (4 seisovaa ja 6 juoksua).<\/p>\n\n\n\n<p><\/p>\n\n\n\n<p><strong>TERVETULOA!<\/strong><\/p>\n\n\n\n<p><\/p>\n","protected":false},"excerpt":{"rendered":"<p>Perjantai 5.9.2025 klo 17:00 haulikko ja kiv\u00e4\u00e4ri Lauantai 6.9.2025 klo 12:00 Kaavin RHY mestaruuskilpailut: mets\u00e4styshaulikko ja mets\u00e4styshirvi (4 seisovaa ja 6 juoksua). TERVETULOA!<\/p>\n","protected":false},"author":5,"featured_media":0,"parent":0,"menu_order":4,"comment_status":"open","ping_status":"closed","template":"","meta":{"footnotes":""},"class_list":["post-226","page","type-page","status-publish","hentry"],"_links":{"self":[{"href":"https:\/\/rasilamminjahtimiehet.com\/wordpress\/index.php?rest_route=\/wp\/v2\/pages\/226","targetHints":{"allow":["GET"]}}],"collection":[{"href":"https:\/\/rasilamminjahtimiehet.com\/wordpress\/index.php?rest_route=\/wp\/v2\/pages"}],"about":[{"href":"https:\/\/rasilamminjahtimiehet.com\/wordpress\/index.php?rest_route=\/wp\/v2\/types\/page"}],"author":[{"embeddable":true,"href":"https:\/\/rasilamminjahtimiehet.com\/wordpress\/index.php?rest_route=\/wp\/v2\/users\/5"}],"replies":[{"embeddable":true,"href":"https:\/\/rasilamminjahtimiehet.com\/wordpress\/index.php?rest_route=%2Fwp%2Fv2%2Fcomments&post=226"}],"version-history":[{"count":19,"href":"https:\/\/rasilamminjahtimiehet.com\/wordpress\/index.php?rest_route=\/wp\/v2\/pages\/226\/revisions"}],"predecessor-version":[{"id":608,"href":"https:\/\/rasilamminjahtimiehet.com\/wordpress\/index.php?rest_route=\/wp\/v2\/pages\/226\/revisions\/608"}],"wp:attachment":[{"href":"https:\/\/rasilamminjahtimiehet.com\/wordpress\/index.php?rest_route=%2Fwp%2Fv2%2Fmedia&parent=226"}],"curies":[{"name":"wp","href":"https:\/\/api.w.org\/{rel}","templated":true}]}}