{"id":378,"date":"2020-10-02T13:24:22","date_gmt":"2020-10-02T13:24:22","guid":{"rendered":"http:\/\/rasilamminjahtimiehet.com\/wordpress\/?page_id=378"},"modified":"2025-12-08T19:12:17","modified_gmt":"2025-12-08T19:12:17","slug":"koemaastot-2020","status":"publish","type":"page","link":"https:\/\/rasilamminjahtimiehet.com\/wordpress\/?page_id=378","title":{"rendered":"Koemaastot 2025"},"content":{"rendered":"\n<figure class=\"wp-block-table\"><table class=\"has-fixed-layout\"><tbody><tr><td><strong>Pvm<\/strong><\/td><td><strong>Koemuoto<\/strong><\/td><td><strong>Maasto<\/strong><\/td><td><strong>J\u00e4rjest\u00e4j\u00e4<\/strong><\/td><\/tr><tr><td>la 23.8.<\/td><td>LINT Nokipannuhaukut<\/td><td>Kangaslampi\/Ruohosuo<\/td><td>Pohjois-Savon Pystykorvakerho<\/td><\/tr><tr><td>ke 24.9.<\/td><td>HIRV MTK mestaruushaukut<\/td><td>seuran alue<\/td><td>T\u00f6risev\u00e4n er\u00e4<\/td><\/tr><tr><td>pe 26.9.<\/td><td>HIRV Yst\u00e4vyysottelu<\/td><td>seuran alue<\/td><td>Koillis-Savon kennelkerho<\/td><\/tr><tr><td>la 27.9.<\/td><td>AJO PM-karsinta id\u00e4nlohko<\/td><td>Vuorikonsalon laajennus, Pet\u00e4isenp\u00e4\u00e4<\/td><td>Koillis-Savon Kennelkerho<\/td><\/tr><tr><td>la 27.9.<\/td><td>HIRV Kalinkahaukut, laikanarttujen mestaruuskoe<\/td><td>seuran alue<\/td><td>Vaikon Er\u00e4<\/td><\/tr><tr><td>pe 3.10.<\/td><td>HIRV Kalevin haukut<\/td><td>seuran alue<\/td><td>Pohjoisnavan Er\u00e4miehet<\/td><\/tr><tr><td>la 4.10.<\/td><td>HIRV KSKK kerhonmestaruus<\/td><td>seuran alue<\/td><td>Koillis-Savon Kennelkerho<\/td><\/tr><tr><td>pe 10.10.<\/td><td>BEAG AJO PM-koe<\/td><td>Hein\u00e4lampi<\/td><td>Pohjois-Savon Beagleyhdistys<\/td><\/tr><tr><td>pe 10.10.<\/td><td>AJO KSKK:n Mestaruuskoe<\/td><td>Vuorikonsalon laajennus, Pet\u00e4isenp\u00e4\u00e4<\/td><td>Koillis-Savon Kennelkerho<\/td><\/tr><tr><td>ti 14.10.<\/td><td>HIRV Karhukoirien katsastuskoe<\/td><td>seuran alue<\/td><td>M\u00e4kij\u00e4rven mets\u00e4miehet<\/td><\/tr><tr><td>pe 17.10.<\/td><td>HIRV Harmaiden narttujen piirinkarsinta<\/td><td>seuran alue<\/td><td>Soitun Er\u00e4pojat<\/td><\/tr><tr><td>la 18.10.<\/td><td>AJO Eesti Rodunmestaruus<\/td><td>Vuorikonsalon laajennus<\/td><td>Koillis-Savon kennelkerho<\/td><\/tr><tr><td>to 23.10.<\/td><td>DREEV AJO<\/td><td>Inganm\u00e4ki<\/td><td>Pohjois-Savon Dreeverikerho<\/td><\/tr><tr><td>ke 29.10.<\/td><td>DREEV AJO<\/td><td>Inganm\u00e4ki<\/td><td>Pohjois-Savon Dreeverikerho<\/td><\/tr><tr><td>pe 7.11.<\/td><td>AJO KV-koe Rahtiajot<\/td><td>Vuorikonsalon laajennus<\/td><td>Koillis-Savon kennelkerho<\/td><\/tr><tr><td>la 15.11.<\/td><td>DREEV AJO KSKK mestaruuskoe<\/td><td>Inganm\u00e4ki \/ Kiiskil\u00e4ntie (Jurvaslampi-M\u00f6kk\u00f6slampi)<\/td><td>Pohjois-Savon Dreeverikerho<\/td><\/tr><tr><td>la 22.11.<\/td><td>HIRV Lafayettehaukut<\/td><td>seuran alue<\/td><td>Koillis-Savon Kennelkerho<\/td><\/tr><tr><td>la 29.11.peruttu<\/td><td>HIRV Rahtihaukut KV<\/td><td>seuran alue<\/td><td>Koillis-Savon Kennelkerho<\/td><\/tr><tr><td>su 30.11.<\/td><td>LINT Kalakukkohaukut<\/td><td>Kangaslampi\/<br>Ruohosuo<\/td><td>Pohjois-Savon Pystykorvakerho<\/td><\/tr><tr><td>ke 10.12.<\/td><td>AJO<\/td><td>Vuorikko, Pet\u00e4isenp\u00e4\u00e4<\/td><td><\/td><\/tr><\/tbody><\/table><\/figure>\n","protected":false},"excerpt":{"rendered":"<p>Pvm Koemuoto Maasto J\u00e4rjest\u00e4j\u00e4 la 23.8. LINT Nokipannuhaukut Kangaslampi\/Ruohosuo Pohjois-Savon Pystykorvakerho ke 24.9. HIRV MTK mestaruushaukut seuran alue T\u00f6risev\u00e4n er\u00e4 pe 26.9. HIRV Yst\u00e4vyysottelu seuran alue Koillis-Savon kennelkerho la 27.9. AJO PM-karsinta id\u00e4nlohko Vuorikonsalon laajennus, Pet\u00e4isenp\u00e4\u00e4 Koillis-Savon Kennelkerho la 27.9. HIRV Kalinkahaukut, laikanarttujen mestaruuskoe seuran alue Vaikon Er\u00e4 pe 3.10. HIRV Kalevin haukut seuran alue &hellip; <a href=\"https:\/\/rasilamminjahtimiehet.com\/wordpress\/?page_id=378\" class=\"more-link\">Jatka lukemista <span class=\"screen-reader-text\">Koemaastot 2025<\/span> <span class=\"meta-nav\">&rarr;<\/span><\/a><\/p>\n","protected":false},"author":5,"featured_media":0,"parent":0,"menu_order":6,"comment_status":"closed","ping_status":"closed","template":"","meta":{"footnotes":""},"class_list":["post-378","page","type-page","status-publish","hentry"],"_links":{"self":[{"href":"https:\/\/rasilamminjahtimiehet.com\/wordpress\/index.php?rest_route=\/wp\/v2\/pages\/378","targetHints":{"allow":["GET"]}}],"collection":[{"href":"https:\/\/rasilamminjahtimiehet.com\/wordpress\/index.php?rest_route=\/wp\/v2\/pages"}],"about":[{"href":"https:\/\/rasilamminjahtimiehet.com\/wordpress\/index.php?rest_route=\/wp\/v2\/types\/page"}],"author":[{"embeddable":true,"href":"https:\/\/rasilamminjahtimiehet.com\/wordpress\/index.php?rest_route=\/wp\/v2\/users\/5"}],"replies":[{"embeddable":true,"href":"https:\/\/rasilamminjahtimiehet.com\/wordpress\/index.php?rest_route=%2Fwp%2Fv2%2Fcomments&post=378"}],"version-history":[{"count":16,"href":"https:\/\/rasilamminjahtimiehet.com\/wordpress\/index.php?rest_route=\/wp\/v2\/pages\/378\/revisions"}],"predecessor-version":[{"id":618,"href":"https:\/\/rasilamminjahtimiehet.com\/wordpress\/index.php?rest_route=\/wp\/v2\/pages\/378\/revisions\/618"}],"wp:attachment":[{"href":"https:\/\/rasilamminjahtimiehet.com\/wordpress\/index.php?rest_route=%2Fwp%2Fv2%2Fmedia&parent=378"}],"curies":[{"name":"wp","href":"https:\/\/api.w.org\/{rel}","templated":true}]}}