{"id":623,"date":"2026-02-04T21:18:07","date_gmt":"2026-02-04T19:18:07","guid":{"rendered":"https:\/\/rasilamminjahtimiehet.com\/wordpress\/?page_id=623"},"modified":"2026-02-04T21:38:20","modified_gmt":"2026-02-04T19:38:20","slug":"kokouskutsu-1-2026","status":"publish","type":"page","link":"https:\/\/rasilamminjahtimiehet.com\/wordpress\/?page_id=623","title":{"rendered":"Kokouskutsu 1\/2026"},"content":{"rendered":"<div style=\"font-style:italic;font-weight:400;\" class=\"wp-block-post-date\"><time datetime=\"2026-02-04T21:18:07+02:00\"><a href=\"https:\/\/rasilamminjahtimiehet.com\/wordpress\/?page_id=623\">4.2.2026 21:18<\/a><\/time><\/div>\n\n\n<p><\/p>\n\n\n\n<p>S\u00e4\u00e4nt\u00f6m\u00e4\u00e4r\u00e4inen kokouskutsu yhdistyksen nettisivuilla, tulossa my\u00f6s Koillis-Savoon 26.2.2026.<\/p>\n\n\n\n<p><br>Tervehdys!<\/p>\n\n\n\n<p>Kaavin Rasilammin Jahtimiehet ry<br>S\u00e4\u00e4nt\u00f6m\u00e4\u00e4r\u00e4inen vuosikokous Jahtikalliolla sunnuntaina 15.3.2026 klo 10:00.<\/p>\n\n\n\n<p>Asialistalla s\u00e4\u00e4nt\u00f6m\u00e4\u00e4r\u00e4iset asiat.<\/p>\n\n\n\n<p>Hirviseurueen kokous klo 9:00.<\/p>\n\n\n\n<p>Tervetuloa!<\/p>\n\n\n\n<p><\/p>\n","protected":false},"excerpt":{"rendered":"<p>S\u00e4\u00e4nt\u00f6m\u00e4\u00e4r\u00e4inen kokouskutsu yhdistyksen nettisivuilla, tulossa my\u00f6s Koillis-Savoon 26.2.2026. Tervehdys! Kaavin Rasilammin Jahtimiehet ryS\u00e4\u00e4nt\u00f6m\u00e4\u00e4r\u00e4inen vuosikokous Jahtikalliolla sunnuntaina 15.3.2026 klo 10:00. Asialistalla s\u00e4\u00e4nt\u00f6m\u00e4\u00e4r\u00e4iset asiat. Hirviseurueen kokous klo 9:00. Tervetuloa!<\/p>\n","protected":false},"author":5,"featured_media":0,"parent":619,"menu_order":0,"comment_status":"closed","ping_status":"closed","template":"","meta":{"footnotes":""},"class_list":["post-623","page","type-page","status-publish","hentry"],"_links":{"self":[{"href":"https:\/\/rasilamminjahtimiehet.com\/wordpress\/index.php?rest_route=\/wp\/v2\/pages\/623","targetHints":{"allow":["GET"]}}],"collection":[{"href":"https:\/\/rasilamminjahtimiehet.com\/wordpress\/index.php?rest_route=\/wp\/v2\/pages"}],"about":[{"href":"https:\/\/rasilamminjahtimiehet.com\/wordpress\/index.php?rest_route=\/wp\/v2\/types\/page"}],"author":[{"embeddable":true,"href":"https:\/\/rasilamminjahtimiehet.com\/wordpress\/index.php?rest_route=\/wp\/v2\/users\/5"}],"replies":[{"embeddable":true,"href":"https:\/\/rasilamminjahtimiehet.com\/wordpress\/index.php?rest_route=%2Fwp%2Fv2%2Fcomments&post=623"}],"version-history":[{"count":6,"href":"https:\/\/rasilamminjahtimiehet.com\/wordpress\/index.php?rest_route=\/wp\/v2\/pages\/623\/revisions"}],"predecessor-version":[{"id":637,"href":"https:\/\/rasilamminjahtimiehet.com\/wordpress\/index.php?rest_route=\/wp\/v2\/pages\/623\/revisions\/637"}],"up":[{"embeddable":true,"href":"https:\/\/rasilamminjahtimiehet.com\/wordpress\/index.php?rest_route=\/wp\/v2\/pages\/619"}],"wp:attachment":[{"href":"https:\/\/rasilamminjahtimiehet.com\/wordpress\/index.php?rest_route=%2Fwp%2Fv2%2Fmedia&parent=623"}],"curies":[{"name":"wp","href":"https:\/\/api.w.org\/{rel}","templated":true}]}}