{"id":83,"date":"2014-06-27T06:56:22","date_gmt":"2014-06-27T06:56:22","guid":{"rendered":"http:\/\/rasilamminjahtimiehet.com\/wordpress\/?page_id=83"},"modified":"2026-02-04T19:09:08","modified_gmt":"2026-02-04T19:09:08","slug":"83-2","status":"publish","type":"page","link":"https:\/\/rasilamminjahtimiehet.com\/wordpress\/?page_id=83","title":{"rendered":"Kokouskutsu 2\/2025"},"content":{"rendered":"\n<p><strong>Kaavi Rasilammin Jahtimiehet ry<\/strong><\/p>\n\n\n\n<p>S\u00e4\u00e4nt\u00f6m\u00e4\u00e4r\u00e4inen kes\u00e4kokous sunnuntaina 27.7.2025 klo 11.<\/p>\n\n\n\n<p>Hirviseurueen kokous yleisen kokouksen j\u00e4lkeen.<\/p>\n\n\n\n<p>Ennen kokousta suoritetaan riistakolmiolaskenta klo 8:00 alkaen. Ilmoittaudu HETI sihteeri Niko R\u00e4s\u00e4selle. Laskijoiden kesken paistellaan makkarat ja nautitaan virvokkeet ennen kokousta.<\/p>\n\n\n\n<p>Kokousten j\u00e4lkeen seuran ampumaratavuoro M\u00e4ntyj\u00e4rven radalla, kiv\u00e4\u00e4rit (my\u00f6s pienoiskiv\u00e4\u00e4rit) ja haulikot mukaan!<\/p>\n\n\n\n<p>Radalla on mahdollista ampua my\u00f6s ampumakoe alkaen klo 12. Seuran ratavuoro aloitetaan siis haulikkoradalta ja siirryt\u00e4\u00e4n kiv\u00e4\u00e4riradalle radan vapauduttua.<\/p>\n\n\n\n<p>TERVETULOA !<\/p>\n\n\n\n<p><\/p>\n","protected":false},"excerpt":{"rendered":"<p>Kaavi Rasilammin Jahtimiehet ry S\u00e4\u00e4nt\u00f6m\u00e4\u00e4r\u00e4inen kes\u00e4kokous sunnuntaina 27.7.2025 klo 11. Hirviseurueen kokous yleisen kokouksen j\u00e4lkeen. Ennen kokousta suoritetaan riistakolmiolaskenta klo 8:00 alkaen. Ilmoittaudu HETI sihteeri Niko R\u00e4s\u00e4selle. Laskijoiden kesken paistellaan makkarat ja nautitaan virvokkeet ennen kokousta. Kokousten j\u00e4lkeen seuran ampumaratavuoro M\u00e4ntyj\u00e4rven radalla, kiv\u00e4\u00e4rit (my\u00f6s pienoiskiv\u00e4\u00e4rit) ja haulikot mukaan! Radalla on mahdollista ampua my\u00f6s ampumakoe alkaen &hellip; <a href=\"https:\/\/rasilamminjahtimiehet.com\/wordpress\/?page_id=83\" class=\"more-link\">Jatka lukemista <span class=\"screen-reader-text\">Kokouskutsu 2\/2025<\/span> <span class=\"meta-nav\">&rarr;<\/span><\/a><\/p>\n","protected":false},"author":5,"featured_media":0,"parent":619,"menu_order":1,"comment_status":"open","ping_status":"closed","template":"","meta":{"footnotes":""},"class_list":["post-83","page","type-page","status-publish","hentry"],"_links":{"self":[{"href":"https:\/\/rasilamminjahtimiehet.com\/wordpress\/index.php?rest_route=\/wp\/v2\/pages\/83","targetHints":{"allow":["GET"]}}],"collection":[{"href":"https:\/\/rasilamminjahtimiehet.com\/wordpress\/index.php?rest_route=\/wp\/v2\/pages"}],"about":[{"href":"https:\/\/rasilamminjahtimiehet.com\/wordpress\/index.php?rest_route=\/wp\/v2\/types\/page"}],"author":[{"embeddable":true,"href":"https:\/\/rasilamminjahtimiehet.com\/wordpress\/index.php?rest_route=\/wp\/v2\/users\/5"}],"replies":[{"embeddable":true,"href":"https:\/\/rasilamminjahtimiehet.com\/wordpress\/index.php?rest_route=%2Fwp%2Fv2%2Fcomments&post=83"}],"version-history":[{"count":29,"href":"https:\/\/rasilamminjahtimiehet.com\/wordpress\/index.php?rest_route=\/wp\/v2\/pages\/83\/revisions"}],"predecessor-version":[{"id":598,"href":"https:\/\/rasilamminjahtimiehet.com\/wordpress\/index.php?rest_route=\/wp\/v2\/pages\/83\/revisions\/598"}],"up":[{"embeddable":true,"href":"https:\/\/rasilamminjahtimiehet.com\/wordpress\/index.php?rest_route=\/wp\/v2\/pages\/619"}],"wp:attachment":[{"href":"https:\/\/rasilamminjahtimiehet.com\/wordpress\/index.php?rest_route=%2Fwp%2Fv2%2Fmedia&parent=83"}],"curies":[{"name":"wp","href":"https:\/\/api.w.org\/{rel}","templated":true}]}}